{"id":3,"date":"2019-09-04T15:55:30","date_gmt":"2019-09-04T15:55:30","guid":{"rendered":"https:\/\/josvaldor.maistuga.com\/?page_id=3"},"modified":"2019-09-05T17:20:16","modified_gmt":"2019-09-05T17:20:16","slug":"privacy-policy","status":"publish","type":"page","link":"https:\/\/josvaldor.com\/?page_id=3","title":{"rendered":"Pol\u00edtica de Privacidade"},"content":{"rendered":"\n<h3 class=\"wp-block-heading\">Pol\u00edtica de Cookies<\/h3>\n\n\n\n<p>Este site usa cookies \u2013 pequenos arquivos de texto que s\u00e3o colocados na sua m\u00e1quina para ajudar o site a fornecer uma melhor experi\u00eancia ao utilizador. Em geral, os cookies s\u00e3o usados para manter as prefer\u00eancias do  utilizador , armazenar informa\u00e7\u00f5es para itens como carrinhos de compras e fornecer dados de rastreamento an\u00f4nimos para aplicativos de terceiros, como o Google Analytics. Como regra geral, os cookies tornar\u00e3o sua experi\u00eancia de navega\u00e7\u00e3o melhor. No entanto, pode preferir desativar os cookies neste site e em outros. A maneira mais eficaz de fazer isso \u00e9 desabilitar os cookies no seu navegador. Sugerimos consultar a se\u00e7\u00e3o de Ajuda do seu navegador ou dar uma olhada no site Sobre cookies, que oferece orienta\u00e7\u00e3o para todos os navegadores modernos.<\/p>\n\n\n\n<h3 class=\"wp-block-heading\">Pol\u00edticas de Privacidade<\/h3>\n\n\n\n<p>Este documento refere-se \u00e0 protec\u00e7\u00e3o de pessoas singulares no que respeita ao tratamento de dados pessoais e \u00e0 livre circula\u00e7\u00e3o desses dados e \u00e9 integralmente regulado pela lei portuguesa.<\/p>\n\n\n\n<p>Este sitio da Internet assume o compromisso permanente de proteger a privacidade dos dados pessoais fornecidos pelos seus utilizadores no \u00e2mbito dos servi\u00e7os por ela prestados.<\/p>\n\n\n\n<p>Este documento visa, assim, prestar aos utilizadores a informa\u00e7\u00e3o necess\u00e1ria relativamente \u00e0 pol\u00edtica de privacidade deste sitio da Internet, de modo a que estes possam dar o seu consentimento expresso, livre e informado ao processamento dos seus dados pessoais realizado por este sitio da Internet , quando tal lhes for solicitado durante o processo de subscri\u00e7\u00e3o dos servi\u00e7os.<\/p>\n\n\n\n<p>O utilizador declara conhecer e aceitar as normas do c\u00f3digo de privacidade dispon\u00edveis n este sitio da Internet consentindo a publica\u00e7\u00e3o\/divulga\u00e7\u00e3o dos seus dados pessoais.<\/p>\n\n\n\n<p>Os dados pessoais fornecidos pelos utilizadores durante o processo de subscri\u00e7\u00e3o dos servi\u00e7os por este sitio da Internet  ser\u00e3o processados nos termos legal e regularmente previstos.<\/p>\n\n\n\n<p>O processamento de dados pessoais significar\u00e1 toda a opera\u00e7\u00e3o ou conjunto de opera\u00e7\u00f5es realizadas com ou sem a ajuda de meios electr\u00f3nicos ou automatizados, relativamente \u00e0 recolha, registo, organiza\u00e7\u00e3o, manuten\u00e7\u00e3o, interroga\u00e7\u00e3o, elabora\u00e7\u00e3o, modifica\u00e7\u00e3o, selec\u00e7\u00e3o, extrac\u00e7\u00e3o, compara\u00e7\u00e3o, utiliza\u00e7\u00e3o, interconex\u00e3o, bloqueio, comunica\u00e7\u00e3o, divulga\u00e7\u00e3o, supress\u00e3o e destrui\u00e7\u00e3o de dados, se estes \u00faltimos estiverem contidos numa base de dados ou n\u00e3o.<\/p>\n\n\n\n<p>O tratamento dos dados pessoais podem consistir \u2013 em parte em consequ\u00eancia de como o  utilizador decidir usar os Servi\u00e7os sejam em ficheiros de texto, imagens fotogr\u00e1ficas ou de v\u00eddeos, faixas de \u00e1udio, linhas telef\u00f3nicas e, quaisquer outras informa\u00e7\u00f5es que possam ser usadas para identificar a pessoa em causa, de acordo com o tipo de servi\u00e7os solicitados.<\/p>\n\n\n\n<p>Este procedimento respeitar\u00e1 os princ\u00edpios da legalidade, da boa f\u00e9 e da transpar\u00eancia e garantir\u00e1 o respeito pelos direitos dos utilizadores, nomeadamente pelo seu direito \u00e0 reserva da vida privada.<\/p>\n\n\n\n<h3 class=\"wp-block-heading\">Objectivos de processamento<\/h3>\n\n\n\n<p>O objectivo deste procedimento \u00e9 o de permitir a presta\u00e7\u00e3o dos servi\u00e7os por este sitio da Internet  nos moldes pretendidos pelo  utilizador , bem como a gest\u00e3o independente do servi\u00e7o por este \u00faltimo. Para esse efeito, o  utilizador dever\u00e1 registar-se como utilizador e criar o seu perfil, aquando da presta\u00e7\u00e3o dos servi\u00e7os por este sitio da Internet  . Recolha, armazenamento e processamento dos dados para as opera\u00e7\u00f5es subsequentes, gest\u00e3o t\u00e9cnica e administrativa dos servi\u00e7os e troca de comunica\u00e7\u00f5es electr\u00f3nicas.<\/p>\n\n\n\n<p>O processamento dos dados por este sitio da Internet  respeitar\u00e1 todas as normas legais aplic\u00e1veis, designadamente em cumprimento com as obriga\u00e7\u00f5es fiscais e contabil\u00edsticas que sobre esta impedem.<br> Os dados pessoais dos utilizadores tamb\u00e9m ser\u00e3o processados com o intuito de permitir a \u201cnavega\u00e7\u00e3o Web\u201d.<\/p>\n\n\n\n<p>O objetivo deste processamento prende-se ainda com a recolha, armazenamento e organiza\u00e7\u00e3o de dados pessoais do  utilizador com vista \u00e0 realiza\u00e7\u00e3o de an\u00e1lises estat\u00edsticas de forma an\u00f3nima. Esta an\u00e1lise n\u00e3o permitir\u00e1 a identifica\u00e7\u00e3o do utilizador e destinar-se-\u00e1 apenas a averiguar a qualidade dos servi\u00e7os prestados por este sitio da Internet .<\/p>\n\n\n\n<h3 class=\"wp-block-heading\">Procedimentos de processamento.<\/h3>\n\n\n\n<p>Os dados pessoais dos  utilizadores ser\u00e3o processados atrav\u00e9s de meios eletr\u00f3nicos e de forma autom\u00e1tica.<\/p>\n\n\n\n<h3 class=\"wp-block-heading\">Comunica\u00e7\u00e3o e divulga\u00e7\u00e3o dos dados pessoais comuns<\/h3>\n\n\n\n<p>Os dados pessoais comuns (de cariz n\u00e3o sens\u00edvel) podem ser comunicados por este sitio da Internet :<\/p>\n\n\n\n<p>A pessoas e empresas que prestem servi\u00e7os de consultoria jur\u00eddica, fiscal, financeira e contabil\u00edstica a este sitio da Internet ;<br> Institui\u00e7\u00f5es, entidades e\/ou autoridades a quem os dados devam ser transmitido nos termos estatut\u00e1ria e\/ou legalmente previstos;<br> Entidades ligadas \u00e0 atividade comercial prosseguida por este sitio da Internet  e estritamente relacionadas com a presta\u00e7\u00e3o de servi\u00e7os por esta \u00faltima (ex: Autoridades Nacionais de registo de nomes de dom\u00ednio, as Autoridades que gerem a base de dados Whois, e entidades a quem este sitio da Internet  delega a manuten\u00e7\u00e3o t\u00e9cnica dos servi\u00e7os por si prestados, incluindo a manuten\u00e7\u00e3o dos dispositivos de rede e as redes de comunica\u00e7\u00f5es eletr\u00f3nicas.<br> Parceiros comercias deste sitio da Internet , mas apenas no caso de o  utilizador dar o seu consentimento expresso.<\/p>\n\n\n\n<h3 class=\"wp-block-heading\">Consentimento opcional ou obrigat\u00f3rio<\/h3>\n\n\n\n<p>Se o  utilizador n\u00e3o fornecer os seus dados pessoais, os servi\u00e7os subscritos poder\u00e3o n\u00e3o ser activados, sendo esta uma decis\u00e3o deste sitio da Internet .<\/p>\n\n\n\n<p>O consentimento do  utilizador \u00e9 tamb\u00e9m opcional relativamente ao processamento de dados com vista \u00e0 realiza\u00e7\u00e3o de estudos de mercado, pesquisa e an\u00e1lises estat\u00edsticas; ao envio de publicidade e material informativo atrav\u00e9s de prestadores de servi\u00e7o telef\u00f3nico, atrav\u00e9s de mensagens autom\u00e1ticas sem a media\u00e7\u00e3o de um operador ou por fax.<\/p>\n\n\n\n<p>O consentimento do  utilizador \u00e9 tamb\u00e9m opcional para a recep\u00e7\u00e3o de mensagens comerciais n\u00e3o solicitadas. Estas t\u00eam que ser imediata e inequivocamente identificadas como tal e conter a indica\u00e7\u00e3o de que o destinat\u00e1rio da mensagem pode no futuro recusar receber mensagens com aquele conte\u00fado.<\/p>\n\n\n\n<p>Se o  utilizador optar por n\u00e3o dar o seu consentimento expresso para o processamento dos seus dados pessoais para fins comerciais quando questionado para o efeito, essa recusa n\u00e3o ter\u00e1 qualquer consequ\u00eancia relativamente \u00e0 presta\u00e7\u00e3o do servi\u00e7o por este sitio da Internet .<\/p>\n\n\n\n<p>Se o  utilizador prestar o seu consentimento, nos termos acima descritos poder\u00e1 ser admitido a participar em concursos promocionais organizados\/promovidos por este sitio da Internet .<\/p>\n\n\n\n<h3 class=\"wp-block-heading\">Processamento de dados sens\u00edveis.<\/h3>\n\n\n\n<p>Quando o  utilizador utiliza os servi\u00e7os deste sitio da Internet , certos dados pessoais classificados como sens\u00edveis podem ser processados, particularmente dados que revelem ra\u00e7a ou origem \u00e9tnica, convic\u00e7\u00f5es religiosas, filos\u00f3fica ou outras, opini\u00f5es pol\u00edticas, filia\u00e7\u00e3o partid\u00e1ria, estado de sa\u00fade ou orienta\u00e7\u00e3o sexual.<\/p>\n\n\n\n<p>Este sitio da Internet sugere que o  utilizador n\u00e3o publique dados pessoais sens\u00edveis, excepto se for estritamente necess\u00e1rio ou que escolha servi\u00e7os que n\u00e3o impliquem essa publica\u00e7\u00e3o.<\/p>\n\n\n\n<p>Em qualquer caso e fora as situa\u00e7\u00f5es excepcionais, esses dados apenas poder\u00e3o ser publicados com o consentimento expresso e espec\u00edfico do  utilizador por escrito ou por outra forma equivalente.<\/p>\n\n\n\n<p>Com base no que ficou dito acima, este sitio da Internet  relembra que se o  utilizador n\u00e3o prestar o seu consentimento expresso relativamente ao processamento de dados sens\u00edveis e pretender utilizar posteriormente servi\u00e7os que impliquem o tratamento de dados pessoais sens\u00edveis ter\u00e1 que modificar previamente o seu registo, prestando o necess\u00e1rio consentimento.<\/p>\n\n\n\n<p>Se por alguma raz\u00e3o o  utilizador n\u00e3o prestar o seu expresso consentimento para o processamento de dados pessoais de natureza sens\u00edvel e posteriormente subscrever servi\u00e7os que pressuponham esse tratamento  este sitio da Internet n\u00e3o poder\u00e1 ser responsabilizado, j\u00e1 que a divulga\u00e7\u00e3o dos dados sens\u00edveis na web ser\u00e1 da responsabilidade exclusiva do  utilizador , independentemente do facto da gest\u00e3o do espa\u00e7o Web ser prestado por este sitio da Internet.<\/p>\n\n\n\n<p>Contudo, este sitio da Internet  reitera a import\u00e2ncia supra mencionada da modifica\u00e7\u00e3o pr\u00e9via do registo pelo  utilizador , concedendo a necess\u00e1ria autoriza\u00e7\u00e3o para o processamento de dados sens\u00edveis se pretender utilizar servi\u00e7os que envolvam necessariamente o uso\/tratamento dessa informa\u00e7\u00e3o.<\/p>\n\n\n\n<p>Os dados sens\u00edveis, particularmente, aqueles que revelem a orienta\u00e7\u00e3o sexual do  utilizador n\u00e3o ser\u00e3o comunicados (excepto nos casos de imposi\u00e7\u00e3o legal) ou divulgados por este sitio da Internet .<\/p>\n\n\n\n<p>Caso o  utilizador utilize intencionalmente os servi\u00e7os prestado por este sitio da Internet  para comunicar e\/ou divulgar os seus dados pessoais sens\u00edveis na internet, tal situa\u00e7\u00e3o n\u00e3o representa qualquer conduta aceite ou praticada por este sitio da Internet  na medida em que o  utilizador comunica essa informa\u00e7\u00e3o no \u00e2mbito da gest\u00e3o privada e independente que faz do espa\u00e7o Web que lhe \u00e9 disponibilizado por  este sitio da Internet ou no \u00e2mbito do uso normal dos servi\u00e7os por este \u00faltimo prestado.<\/p>\n\n\n\n<h3 class=\"wp-block-heading\">Eventual tratamento dos dados pessoais de terceiros prestados pela pessoa em causa<\/h3>\n\n\n\n<p>Quando o  utilizador utiliza determinados servi\u00e7os (ex: actividades promocionais levadas a cabo por este sitio da Internet ) que lhe permitam solicitar o registo de nomes de dom\u00ednio a favor de terceiros, os dados pessoais de terceiros fornecidos pelo  utilizador ao operador podem ser processados. Nesse caso, o  utilizador assume o papel de gestor independente de dados e as inerentes obriga\u00e7\u00f5es legais, nomeadamente a de indemniza\u00e7\u00e3o por eventuais danos causados ao terceiro por viola\u00e7\u00e3o de normas relativas \u00e0 protec\u00e7\u00e3o dos dados pessoais. Em qualquer caso, se o  utilizador fornecer ou processar dados pessoais de terceiros enquanto utiliza servi\u00e7os prestados por este sitio da Internet , garante e assume plenamente que o terceiro autorizou previamente o tratamento dos seus dados pessoais.<\/p>\n\n\n\n<h3 class=\"wp-block-heading\">Controlador de Dados e Processador de Dados<\/h3>\n\n\n\n<p>O respons\u00e1vel pelo tratamento dos dados \u00e9: Jo\u00e3o Osvaldo Rodrigues, podendo ser contactado por email em joaoosvaldor@gmail.com.<\/p>\n\n\n\n<p>Poder\u00e1 contactar o processador de dados, nos termos da lei, a qualquer momento entrando em contacto com o respons\u00e1vel pelo tratamento de dados \u2013 Jo\u00e3o Osvaldo Rodrigues a fim de exercer os direitos previstos na lei.<\/p>\n\n\n\n<h3 class=\"wp-block-heading\">Armazenamento de dados e medidas de seguran\u00e7a<\/h3>\n\n\n\n<p>Os dados ser\u00e3o armazenados pelo tempo definido por leis e regulamentos aplic\u00e1veis, nos servidores deste sitio da Internet . Em qualquer caso, os seus dados ser\u00e3o armazenados estritamente pelo per\u00edodo de tempo necess\u00e1rio para realizar os objetivos mencionados anteriormente,o qual dever\u00e1 corresponder \u00e0 vig\u00eancia da rela\u00e7\u00e3o contratual entre este sitio da Internet e o  utilizador . Se cancelar a sua conta, assim que deixar de usar os Servi\u00e7os, os seus dados ser\u00e3o apagados, exceto quando a manuten\u00e7\u00e3o dos mesmos for estritamente necess\u00e1ria para o cumprimento de obriga\u00e7\u00f5es legais, financeiras, fiscais e contabil\u00edsticas, depois de cessar a utiliza\u00e7\u00e3o do servi\u00e7o pelo  utilizador . Assim que essas obriga\u00e7\u00f5es sejam cumpridas, os seus dados ser\u00e3o eliminados. Tamb\u00e9m informamos que estes dados ser\u00e3o recolhidos, tratados e mantidos em total conformidade com as disposi\u00e7\u00f5es legais.<\/p>\n\n\n\n<h3 class=\"wp-block-heading\">O  utilizador tem o direito de ser informado:<\/h3>\n\n\n\n<ol class=\"wp-block-list\"><li>da fonte dos dados pessoais;<\/li><li>dos prop\u00f3sitos e m\u00e9todos do tratamento;<\/li><li>da l\u00f3gica aplicada ao tratamento, nomeadamente se este \u00e9 realizado com a ajuda de meios electr\u00f3nicos;<\/li><li>da identifica\u00e7\u00e3o do respons\u00e1vel pelo tratamento de dados, processador de dados e seus representantes;<\/li><li>das entidades ou categorias de entidade para as quais os dados pessoais podem ser comunicados e quem poder\u00e1 conhecer tais dados na qualidade de representante designado(s) no territ\u00f3rio do Estado, processador(es) de dados ou pessoa(s) respons\u00e1vel pelo processamento.<\/li><\/ol>\n\n\n\n<h3 class=\"wp-block-heading\">O  utilizador tem o direito de obter:<\/h3>\n\n\n\n<ol class=\"wp-block-list\"><li>atualiza\u00e7\u00e3o, retifica\u00e7\u00e3o ou, quando interessados, a integra\u00e7\u00e3o dos dados;<\/li><li>elimina\u00e7\u00e3o, anonimato ou o bloqueio dos dados que foram processados de forma ilegal, incluindo os dados cuja manuten\u00e7\u00e3o \u00e9 necess\u00e1ria para os fins para que foram recolhidos ou consequentemente tratados;<\/li><li>certifica\u00e7\u00e3o para o efeito que as opera\u00e7\u00f5es conforme al\u00edneas a) e b) foram notificadas, \u00e0s entidades a quem os dados foram comunicados ou difundidos, a menos que esta exig\u00eancia se revelar imposs\u00edvel ou forma manifestamente desproporcional relativamente ao direito que deve ser protegido.<\/li><\/ol>\n\n\n\n<h3 class=\"wp-block-heading\">O  utilizador tem o direito de rejeitar, no todo ou em parte:<\/h3>\n\n\n\n<p>a) por motivos leg\u00edtimos o tratamento de dados pessoais que lhe digam respeito, mesmo que sejam relevantes para o objectivo da recolha;<br>\nb) o tratamento de dados pessoais que lhe digam respeito, realizado para fins de envio de material publicit\u00e1rio ou de venda directa, ou ent\u00e3o para avalia\u00e7\u00e3o do desempenho do mercado ou da comunica\u00e7\u00e3o comercial.<br>\nGerir Dados Pessoais<\/p>\n\n\n\n<h3 class=\"wp-block-heading\">Contacto:<\/h3>\n\n\n\n<p>Para qualquer informa\u00e7\u00e3o a fim de exercer os direitos previstos na lei, nos termos acima descritos a, o  utilizador poder\u00e1 enviar o seu pedido de informa\u00e7\u00e3o via e-mail para o endere\u00e7o:<\/p>\n\n\n\n<p>joaoosvaldor@gmail.com (Jo\u00e3o Osvaldo Rodrigues)<\/p>\n","protected":false},"excerpt":{"rendered":"<p>Pol\u00edtica de Cookies Este site usa cookies \u2013 pequenos arquivos de texto que s\u00e3o colocados na sua m\u00e1quina para ajudar o site a fornecer uma melhor experi\u00eancia ao utilizador. Em geral, os cookies s\u00e3o usados para manter as prefer\u00eancias do utilizador , armazenar informa\u00e7\u00f5es para itens como carrinhos de compras e fornecer dados de rastreamento&hellip; <\/p>\n","protected":false},"author":1,"featured_media":0,"parent":0,"menu_order":0,"comment_status":"closed","ping_status":"open","template":"","meta":{"spay_email":"","footnotes":""},"class_list":["post-3","page","type-page","status-publish","hentry"],"jetpack-related-posts":[{"id":2,"url":"https:\/\/josvaldor.com\/?page_id=2","url_meta":{"origin":3,"position":0},"title":"Biografia","date":"4 Setembro 2019","format":false,"excerpt":"Jo\u00e3o Osvaldo Rodrigues nasceu em Lamego, no seio de uma fam\u00edlia crist\u00e3, no ano de 1953. Cedo se sentiu inclinado para a pintura e para a escultura. Momentos da sua obra foram premiados pela Sociedade Nacional de Belas Artes em Lisboa. Grande parte da sua obra, quer de pintura, quer\u2026","rel":"","context":"Similar post","img":{"alt_text":"","src":"https:\/\/i0.wp.com\/josvaldor.com\/wp-content\/uploads\/2019\/09\/osvaldo_now.png?resize=350%2C200&ssl=1","width":350,"height":200},"classes":[]}],"_links":{"self":[{"href":"https:\/\/josvaldor.com\/index.php?rest_route=\/wp\/v2\/pages\/3","targetHints":{"allow":["GET"]}}],"collection":[{"href":"https:\/\/josvaldor.com\/index.php?rest_route=\/wp\/v2\/pages"}],"about":[{"href":"https:\/\/josvaldor.com\/index.php?rest_route=\/wp\/v2\/types\/page"}],"author":[{"embeddable":true,"href":"https:\/\/josvaldor.com\/index.php?rest_route=\/wp\/v2\/users\/1"}],"replies":[{"embeddable":true,"href":"https:\/\/josvaldor.com\/index.php?rest_route=%2Fwp%2Fv2%2Fcomments&post=3"}],"version-history":[{"count":2,"href":"https:\/\/josvaldor.com\/index.php?rest_route=\/wp\/v2\/pages\/3\/revisions"}],"predecessor-version":[{"id":89,"href":"https:\/\/josvaldor.com\/index.php?rest_route=\/wp\/v2\/pages\/3\/revisions\/89"}],"wp:attachment":[{"href":"https:\/\/josvaldor.com\/index.php?rest_route=%2Fwp%2Fv2%2Fmedia&parent=3"}],"curies":[{"name":"wp","href":"https:\/\/api.w.org\/{rel}","templated":true}]}}